{"id":1747,"date":"2023-11-03T01:45:52","date_gmt":"2023-11-03T01:45:52","guid":{"rendered":"https:\/\/kasiminternational.com\/wordpress\/?page_id=1747"},"modified":"2025-10-22T21:45:22","modified_gmt":"2025-10-22T21:45:22","slug":"distribution-network","status":"publish","type":"page","link":"https:\/\/kasiminternational.com\/es\/distribution-network\/","title":{"rendered":"Red de Distribuci\u00f3n"},"content":{"rendered":"<div data-elementor-type=\"wp-page\" data-elementor-id=\"1747\" class=\"elementor elementor-1747\">\n\t\t\t\t\t\t\t\t\t<section class=\"elementor-section elementor-top-section elementor-element elementor-element-3c40d8ed elementor-section-boxed elementor-section-height-default elementor-section-height-default tf-sticky-section tf-sticky-no\" data-id=\"3c40d8ed\" data-element_type=\"section\" data-settings=\"{&quot;background_background&quot;:&quot;slideshow&quot;,&quot;background_slideshow_gallery&quot;:[{&quot;id&quot;:3156,&quot;url&quot;:&quot;https:\\\/\\\/kasiminternational.com\\\/wordpress\\\/wp-content\\\/uploads\\\/2025\\\/07\\\/DJI_0137-Edited-Clean2-scaled.png&quot;}],&quot;tf_sticky&quot;:&quot;no&quot;,&quot;background_slideshow_loop&quot;:&quot;yes&quot;,&quot;background_slideshow_slide_duration&quot;:5000,&quot;background_slideshow_slide_transition&quot;:&quot;fade&quot;,&quot;background_slideshow_transition_duration&quot;:500}\">\n\t\t\t\t\t\t\t<div class=\"elementor-background-overlay\"><\/div>\n\t\t\t\t\t\t\t<div class=\"elementor-container elementor-column-gap-default\">\n\t\t\t\t\t<div class=\"elementor-column elementor-col-100 elementor-top-column elementor-element elementor-element-5eb710d5\" data-id=\"5eb710d5\" data-element_type=\"column\">\n\t\t\t<div class=\"elementor-widget-wrap elementor-element-populated\">\n\t\t\t\t\t\t\t\t\t<\/div>\n\t\t<\/div>\n\t\t\t\t\t\t\t<\/div>\n\t\t<\/section>\n\t\t\t\t<section class=\"elementor-section elementor-top-section elementor-element elementor-element-220a6dca elementor-section-full_width elementor-section-height-default elementor-section-height-default tf-sticky-section tf-sticky-no\" data-id=\"220a6dca\" data-element_type=\"section\" data-settings=\"{&quot;background_background&quot;:&quot;classic&quot;,&quot;tf_sticky&quot;:&quot;no&quot;}\">\n\t\t\t\t\t\t<div class=\"elementor-container elementor-column-gap-default\">\n\t\t\t\t\t<div class=\"elementor-column elementor-col-50 elementor-top-column elementor-element elementor-element-4da56249\" data-id=\"4da56249\" data-element_type=\"column\">\n\t\t\t<div class=\"elementor-widget-wrap elementor-element-populated\">\n\t\t\t\t\t\t\t\t<div class=\"elementor-element elementor-element-35cec30a elementor-widget-mobile__width-inherit elementor-invisible elementor-widget elementor-widget-text-editor\" data-id=\"35cec30a\" data-element_type=\"widget\" data-settings=\"{&quot;_animation&quot;:&quot;fadeInUp&quot;}\" data-widget_type=\"text-editor.default\">\n\t\t\t\t<div class=\"elementor-widget-container\">\n\t\t\t<style>\/*! elementor - v3.17.0 - 25-10-2023 *\/\n.elementor-widget-text-editor.elementor-drop-cap-view-stacked .elementor-drop-cap{background-color:#69727d;color:#fff}.elementor-widget-text-editor.elementor-drop-cap-view-framed .elementor-drop-cap{color:#69727d;border:3px solid;background-color:transparent}.elementor-widget-text-editor:not(.elementor-drop-cap-view-default) .elementor-drop-cap{margin-top:8px}.elementor-widget-text-editor:not(.elementor-drop-cap-view-default) .elementor-drop-cap-letter{width:1em;height:1em}.elementor-widget-text-editor .elementor-drop-cap{float:left;text-align:center;line-height:1;font-size:50px}.elementor-widget-text-editor .elementor-drop-cap-letter{display:inline-block}<\/style>\t\t\t\t<p>Mediante una combinaci\u00f3n de Entrega Directa en Tienda (DSD) y Distribuci\u00f3n en Almac\u00e9n, atendemos a toda Florida desde nuestros dos almacenes estatales, estrat\u00e9gicamente ubicados para atender tanto a la regi\u00f3n norte como a la sur. Nuestros componentes log\u00edsticos integrados garantizan la entrega precisa y \u00f3ptima de cada producto. Gracias a nuestra eficiencia organizativa, llegamos con \u00e9xito a los principales minoristas.<\/p>\t\t\t\t\t\t<\/div>\n\t\t\t\t<\/div>\n\t\t\t\t\t<\/div>\n\t\t<\/div>\n\t\t\t\t<div class=\"elementor-column elementor-col-50 elementor-top-column elementor-element elementor-element-16132965\" data-id=\"16132965\" data-element_type=\"column\">\n\t\t\t<div class=\"elementor-widget-wrap elementor-element-populated\">\n\t\t\t\t\t\t\t\t<div class=\"elementor-element elementor-element-9853fa1 elementor-widget elementor-widget-image\" data-id=\"9853fa1\" data-element_type=\"widget\" data-widget_type=\"image.default\">\n\t\t\t\t<div class=\"elementor-widget-container\">\n\t\t\t<style>\/*! elementor - v3.17.0 - 25-10-2023 *\/\n.elementor-widget-image{text-align:center}.elementor-widget-image a{display:inline-block}.elementor-widget-image a img[src$=\".svg\"]{width:48px}.elementor-widget-image img{vertical-align:middle;display:inline-block}<\/style>\t\t\t\t\t\t\t\t\t\t\t\t<img fetchpriority=\"high\" decoding=\"async\" width=\"900\" height=\"600\" src=\"https:\/\/kasiminternational.com\/wp-content\/uploads\/2023\/12\/140A1118-1024x683.jpg\" class=\"attachment-large size-large wp-image-2479\" alt=\"\" srcset=\"https:\/\/kasiminternational.com\/wp-content\/uploads\/2023\/12\/140A1118-1024x683.jpg 1024w, https:\/\/kasiminternational.com\/wp-content\/uploads\/2023\/12\/140A1118-300x200.jpg 300w, https:\/\/kasiminternational.com\/wp-content\/uploads\/2023\/12\/140A1118-768x512.jpg 768w, https:\/\/kasiminternational.com\/wp-content\/uploads\/2023\/12\/140A1118-1536x1024.jpg 1536w, https:\/\/kasiminternational.com\/wp-content\/uploads\/2023\/12\/140A1118-2048x1365.jpg 2048w\" sizes=\"(max-width: 900px) 100vw, 900px\" \/>\t\t\t\t\t\t\t\t\t\t\t\t\t\t\t<\/div>\n\t\t\t\t<\/div>\n\t\t\t\t\t<\/div>\n\t\t<\/div>\n\t\t\t\t\t\t\t<\/div>\n\t\t<\/section>\n\t\t<div class=\"elementor-element elementor-element-9fdee0e e-con-full e-flex e-con e-parent\" data-id=\"9fdee0e\" data-element_type=\"container\" data-settings=\"{&quot;content_width&quot;:&quot;full&quot;}\" data-core-v316-plus=\"true\">\n\t\t<div class=\"elementor-element elementor-element-bba0c3d e-con-full e-flex e-con e-child\" data-id=\"bba0c3d\" data-element_type=\"container\" data-settings=\"{&quot;content_width&quot;:&quot;full&quot;}\">\n\t\t\t\t<div class=\"elementor-element elementor-element-7718f78 elementor-widget elementor-widget-image\" data-id=\"7718f78\" data-element_type=\"widget\" data-widget_type=\"image.default\">\n\t\t\t\t<div class=\"elementor-widget-container\">\n\t\t\t\t\t\t\t\t\t\t\t\t\t\t\t<img decoding=\"async\" width=\"900\" height=\"598\" src=\"https:\/\/kasiminternational.com\/wp-content\/uploads\/2025\/07\/mapa-florida-1024x680.png\" class=\"attachment-large size-large wp-image-3165\" alt=\"\" srcset=\"https:\/\/kasiminternational.com\/wp-content\/uploads\/2025\/07\/mapa-florida-1024x680.png 1024w, https:\/\/kasiminternational.com\/wp-content\/uploads\/2025\/07\/mapa-florida-300x199.png 300w, https:\/\/kasiminternational.com\/wp-content\/uploads\/2025\/07\/mapa-florida-768x510.png 768w, https:\/\/kasiminternational.com\/wp-content\/uploads\/2025\/07\/mapa-florida.png 1280w\" sizes=\"(max-width: 900px) 100vw, 900px\" \/>\t\t\t\t\t\t\t\t\t\t\t\t\t\t\t<\/div>\n\t\t\t\t<\/div>\n\t\t\t\t<\/div>\n\t\t<div class=\"elementor-element elementor-element-70fa00a e-con-full e-flex e-con e-child\" data-id=\"70fa00a\" data-element_type=\"container\" data-settings=\"{&quot;content_width&quot;:&quot;full&quot;}\">\n\t\t\t\t<div class=\"elementor-element elementor-element-9ad37ed elementor-invisible elementor-widget elementor-widget-text-editor\" data-id=\"9ad37ed\" data-element_type=\"widget\" data-settings=\"{&quot;_animation&quot;:&quot;fadeInUp&quot;}\" data-widget_type=\"text-editor.default\">\n\t\t\t\t<div class=\"elementor-widget-container\">\n\t\t\t\t\t\t\t<p><span dir=\"auto\" style=\"vertical-align: inherit;\"><span dir=\"auto\" style=\"vertical-align: inherit;\">A trav\u00e9s de nuestra extensa red de distribuci\u00f3n, atendemos a cadenas de supermercados, tiendas de abarrotes y minoristas independientes, abarcando m\u00e1s de 2500 puntos de venta. Gracias a nuestras avanzadas soluciones digitales, ofrecemos servicios log\u00edsticos eficientes a las marcas que apoyamos, garantizando que sus productos lleguen a los clientes en el punto de venta m\u00e1s conveniente. Nuestras operaciones est\u00e1n centralizadas en nuestra sede y almac\u00e9n principal en Miami, complementadas con un almac\u00e9n secundario en Orlando.<\/span><\/span><\/p>\t\t\t\t\t\t<\/div>\n\t\t\t\t<\/div>\n\t\t\t\t<\/div>\n\t\t\t\t<\/div>\n\t\t<div class=\"elementor-element elementor-element-9fe24f3 e-con-full e-flex e-con e-parent\" data-id=\"9fe24f3\" data-element_type=\"container\" data-settings=\"{&quot;content_width&quot;:&quot;full&quot;}\" data-core-v316-plus=\"true\">\n\t\t<div class=\"elementor-element elementor-element-096974e e-con-full e-flex e-con e-child\" data-id=\"096974e\" data-element_type=\"container\" data-settings=\"{&quot;content_width&quot;:&quot;full&quot;}\">\n\t\t\t\t<div class=\"elementor-element elementor-element-58f6251 elementor-widget elementor-widget-image\" data-id=\"58f6251\" data-element_type=\"widget\" data-widget_type=\"image.default\">\n\t\t\t\t<div class=\"elementor-widget-container\">\n\t\t\t\t\t\t\t\t\t\t\t\t\t\t\t<img decoding=\"async\" width=\"900\" height=\"600\" src=\"https:\/\/kasiminternational.com\/wp-content\/uploads\/2025\/06\/140A7349-1024x683.jpg\" class=\"attachment-large size-large wp-image-3076\" alt=\"\" srcset=\"https:\/\/kasiminternational.com\/wp-content\/uploads\/2025\/06\/140A7349-1024x683.jpg 1024w, https:\/\/kasiminternational.com\/wp-content\/uploads\/2025\/06\/140A7349-300x200.jpg 300w, https:\/\/kasiminternational.com\/wp-content\/uploads\/2025\/06\/140A7349-768x512.jpg 768w, https:\/\/kasiminternational.com\/wp-content\/uploads\/2025\/06\/140A7349-1536x1024.jpg 1536w, https:\/\/kasiminternational.com\/wp-content\/uploads\/2025\/06\/140A7349-2048x1365.jpg 2048w\" sizes=\"(max-width: 900px) 100vw, 900px\" \/>\t\t\t\t\t\t\t\t\t\t\t\t\t\t\t<\/div>\n\t\t\t\t<\/div>\n\t\t\t\t<\/div>\n\t\t<div class=\"elementor-element elementor-element-d3d4f88 e-con-full e-flex e-con e-child\" data-id=\"d3d4f88\" data-element_type=\"container\" data-settings=\"{&quot;content_width&quot;:&quot;full&quot;}\">\n\t\t\t\t<div class=\"elementor-element elementor-element-b604daf elementor-widget elementor-widget-image\" data-id=\"b604daf\" data-element_type=\"widget\" data-widget_type=\"image.default\">\n\t\t\t\t<div class=\"elementor-widget-container\">\n\t\t\t\t\t\t\t\t\t\t\t\t\t\t\t<img loading=\"lazy\" decoding=\"async\" width=\"900\" height=\"599\" src=\"https:\/\/kasiminternational.com\/wp-content\/uploads\/2025\/06\/140A7458-2-1024x682.png\" class=\"attachment-large size-large wp-image-3099\" alt=\"\" srcset=\"https:\/\/kasiminternational.com\/wp-content\/uploads\/2025\/06\/140A7458-2-1024x682.png 1024w, https:\/\/kasiminternational.com\/wp-content\/uploads\/2025\/06\/140A7458-2-300x200.png 300w, https:\/\/kasiminternational.com\/wp-content\/uploads\/2025\/06\/140A7458-2-768x512.png 768w, https:\/\/kasiminternational.com\/wp-content\/uploads\/2025\/06\/140A7458-2-1536x1024.png 1536w, https:\/\/kasiminternational.com\/wp-content\/uploads\/2025\/06\/140A7458-2.png 2000w\" sizes=\"(max-width: 900px) 100vw, 900px\" \/>\t\t\t\t\t\t\t\t\t\t\t\t\t\t\t<\/div>\n\t\t\t\t<\/div>\n\t\t\t\t<\/div>\n\t\t\t\t<\/div>\n\t\t\t\t\t\t\t<\/div>","protected":false},"excerpt":{"rendered":"<p>Through a combination of Direct Store Delivery (DSD) and Warehouse Distribution, we serve all of Florida from our two statewide warehouses, strategically located to serve both the northern and southern regions. Our integrated logistics components ensure the precise and optimal delivery of each product. Thanks to our organizational efficiency, we successfully reach major retailers. A [&hellip;]<\/p>","protected":false},"author":1,"featured_media":0,"parent":0,"menu_order":0,"comment_status":"closed","ping_status":"closed","template":"elementor_header_footer","meta":{"footnotes":""},"class_list":["post-1747","page","type-page","status-publish","hentry"],"_links":{"self":[{"href":"https:\/\/kasiminternational.com\/es\/wp-json\/wp\/v2\/pages\/1747","targetHints":{"allow":["GET"]}}],"collection":[{"href":"https:\/\/kasiminternational.com\/es\/wp-json\/wp\/v2\/pages"}],"about":[{"href":"https:\/\/kasiminternational.com\/es\/wp-json\/wp\/v2\/types\/page"}],"author":[{"embeddable":true,"href":"https:\/\/kasiminternational.com\/es\/wp-json\/wp\/v2\/users\/1"}],"replies":[{"embeddable":true,"href":"https:\/\/kasiminternational.com\/es\/wp-json\/wp\/v2\/comments?post=1747"}],"version-history":[{"count":115,"href":"https:\/\/kasiminternational.com\/es\/wp-json\/wp\/v2\/pages\/1747\/revisions"}],"predecessor-version":[{"id":3465,"href":"https:\/\/kasiminternational.com\/es\/wp-json\/wp\/v2\/pages\/1747\/revisions\/3465"}],"wp:attachment":[{"href":"https:\/\/kasiminternational.com\/es\/wp-json\/wp\/v2\/media?parent=1747"}],"curies":[{"name":"wp","href":"https:\/\/api.w.org\/{rel}","templated":true}]}}