{"id":1759,"date":"2023-11-03T02:30:18","date_gmt":"2023-11-03T02:30:18","guid":{"rendered":"https:\/\/kasiminternational.com\/wordpress\/?page_id=1759"},"modified":"2025-10-22T21:41:10","modified_gmt":"2025-10-22T21:41:10","slug":"our-company","status":"publish","type":"page","link":"https:\/\/kasiminternational.com\/es\/our-company\/","title":{"rendered":"Nuestra Empresa"},"content":{"rendered":"<div data-elementor-type=\"wp-page\" data-elementor-id=\"1759\" class=\"elementor elementor-1759\">\n\t\t\t\t\t\t\t\t\t<section class=\"elementor-section elementor-top-section elementor-element elementor-element-6f1f15a elementor-section-boxed elementor-section-height-default elementor-section-height-default tf-sticky-section tf-sticky-no\" data-id=\"6f1f15a\" data-element_type=\"section\" data-settings=\"{&quot;background_background&quot;:&quot;classic&quot;,&quot;tf_sticky&quot;:&quot;no&quot;}\">\n\t\t\t\t\t\t\t<div class=\"elementor-background-overlay\"><\/div>\n\t\t\t\t\t\t\t<div class=\"elementor-container elementor-column-gap-default\">\n\t\t\t\t\t<div class=\"elementor-column elementor-col-100 elementor-top-column elementor-element elementor-element-14dbb592\" data-id=\"14dbb592\" data-element_type=\"column\">\n\t\t\t<div class=\"elementor-widget-wrap elementor-element-populated\">\n\t\t\t\t\t\t\t\t\t<\/div>\n\t\t<\/div>\n\t\t\t\t\t\t\t<\/div>\n\t\t<\/section>\n\t\t<div class=\"elementor-element elementor-element-ec320e0 e-con-full e-flex e-con e-parent\" data-id=\"ec320e0\" data-element_type=\"container\" data-settings=\"{&quot;content_width&quot;:&quot;full&quot;,&quot;background_background&quot;:&quot;classic&quot;}\" data-core-v316-plus=\"true\">\n\t\t\t\t<div class=\"elementor-element elementor-element-5f9ba96 elementor-widget elementor-widget-heading\" data-id=\"5f9ba96\" data-element_type=\"widget\" data-widget_type=\"heading.default\">\n\t\t\t\t<div class=\"elementor-widget-container\">\n\t\t\t<style>\/*! elementor - v3.17.0 - 25-10-2023 *\/\n.elementor-heading-title{padding:0;margin:0;line-height:1}.elementor-widget-heading .elementor-heading-title[class*=elementor-size-]>a{color:inherit;font-size:inherit;line-height:inherit}.elementor-widget-heading .elementor-heading-title.elementor-size-small{font-size:15px}.elementor-widget-heading .elementor-heading-title.elementor-size-medium{font-size:19px}.elementor-widget-heading .elementor-heading-title.elementor-size-large{font-size:29px}.elementor-widget-heading .elementor-heading-title.elementor-size-xl{font-size:39px}.elementor-widget-heading .elementor-heading-title.elementor-size-xxl{font-size:59px}<\/style><h3 class=\"elementor-heading-title elementor-size-default\">Kasim International Corporation<\/h3>\t\t<\/div>\n\t\t\t\t<\/div>\n\t\t\t\t<div class=\"elementor-element elementor-element-4b774e2 elementor-widget elementor-widget-heading\" data-id=\"4b774e2\" data-element_type=\"widget\" data-widget_type=\"heading.default\">\n\t\t\t\t<div class=\"elementor-widget-container\">\n\t\t\t<h3 class=\"elementor-heading-title elementor-size-default\">Bienvenido a Kasim International Corporation, una empresa familiar con un legado que se remonta a 1981. Como parte integral de un grupo empresarial con m\u00e1s de 50 a\u00f1os de experiencia en la distribuci\u00f3n de alimentos y bebidas, \u00a1nos enorgullecemos de nuestro compromiso con la excelencia!\nKasim International Corporation prioriza la comercializaci\u00f3n y distribuci\u00f3n de bienes de consumo, garantizando su disponibilidad en supermercados locales de todo el estado de Florida. Nuestro enfoque en la importaci\u00f3n de marcas reconocidas destaca una diversa gama de productos provenientes de diversas regiones del mundo, incluyendo Europa, Norteam\u00e9rica, Centroam\u00e9rica y el Caribe.\nNos enorgullece brindar un servicio excepcional y mantener altos est\u00e1ndares \u00e9ticos a trav\u00e9s de un equipo competente de comerciantes y representantes de ventas comprometidos, lo que contribuye a la construcci\u00f3n de una s\u00f3lida reputaci\u00f3n local.\nA trav\u00e9s de una amplia cobertura de distribuci\u00f3n, un compromiso con la excelencia en el servicio y una cartera diversa de productos, buscamos complacer a nuestros clientes representando marcas que se identifican con sus preferencias.\nExplore el mundo de Kasim International Corporation, donde la pasi\u00f3n se une a un servicio inigualable para que su experiencia sea verdaderamente excepcional.<\/h3>\t\t<\/div>\n\t\t\t\t<\/div>\n\t\t\t\t<\/div>\n\t\t<div class=\"elementor-element elementor-element-f1c4343 e-flex e-con-boxed e-con e-parent\" data-id=\"f1c4343\" data-element_type=\"container\" data-settings=\"{&quot;content_width&quot;:&quot;boxed&quot;}\" data-core-v316-plus=\"true\">\n\t\t\t\t\t<div class=\"e-con-inner\">\n\t\t<div class=\"elementor-element elementor-element-a0be1ec e-con-full e-flex e-con e-child\" data-id=\"a0be1ec\" data-element_type=\"container\" data-settings=\"{&quot;content_width&quot;:&quot;full&quot;}\">\n\t\t\t\t<div class=\"elementor-element elementor-element-6cf1e0b elementor-widget elementor-widget-image\" data-id=\"6cf1e0b\" data-element_type=\"widget\" data-widget_type=\"image.default\">\n\t\t\t\t<div class=\"elementor-widget-container\">\n\t\t\t<style>\/*! elementor - v3.17.0 - 25-10-2023 *\/\n.elementor-widget-image{text-align:center}.elementor-widget-image a{display:inline-block}.elementor-widget-image a img[src$=\".svg\"]{width:48px}.elementor-widget-image img{vertical-align:middle;display:inline-block}<\/style>\t\t\t\t\t\t\t\t\t\t\t\t<img fetchpriority=\"high\" decoding=\"async\" width=\"2560\" height=\"1707\" src=\"https:\/\/kasiminternational.com\/wp-content\/uploads\/2023\/12\/140A1027-scaled.jpg\" class=\"attachment-full size-full wp-image-2485\" alt=\"\" srcset=\"https:\/\/kasiminternational.com\/wp-content\/uploads\/2023\/12\/140A1027-scaled.jpg 2560w, https:\/\/kasiminternational.com\/wp-content\/uploads\/2023\/12\/140A1027-300x200.jpg 300w, https:\/\/kasiminternational.com\/wp-content\/uploads\/2023\/12\/140A1027-1024x683.jpg 1024w, https:\/\/kasiminternational.com\/wp-content\/uploads\/2023\/12\/140A1027-768x512.jpg 768w, https:\/\/kasiminternational.com\/wp-content\/uploads\/2023\/12\/140A1027-1536x1024.jpg 1536w, https:\/\/kasiminternational.com\/wp-content\/uploads\/2023\/12\/140A1027-2048x1365.jpg 2048w\" sizes=\"(max-width: 2560px) 100vw, 2560px\" \/>\t\t\t\t\t\t\t\t\t\t\t\t\t\t\t<\/div>\n\t\t\t\t<\/div>\n\t\t\t\t<\/div>\n\t\t<div class=\"elementor-element elementor-element-9742418 e-con-full e-flex e-con e-child\" data-id=\"9742418\" data-element_type=\"container\" data-settings=\"{&quot;content_width&quot;:&quot;full&quot;}\">\n\t\t\t\t<div class=\"elementor-element elementor-element-82160f9 elementor-widget elementor-widget-image\" data-id=\"82160f9\" data-element_type=\"widget\" data-widget_type=\"image.default\">\n\t\t\t\t<div class=\"elementor-widget-container\">\n\t\t\t\t\t\t\t\t\t\t\t\t\t\t\t<img decoding=\"async\" src=\"https:\/\/kasiminternational.com\/wp-content\/uploads\/2025\/06\/140A1029-1.png\" title=\"140A1029-1\" alt=\"140A1029-1\" loading=\"lazy\" \/>\t\t\t\t\t\t\t\t\t\t\t\t\t\t\t<\/div>\n\t\t\t\t<\/div>\n\t\t\t\t<\/div>\n\t\t<div class=\"elementor-element elementor-element-1c7615f e-con-full e-flex e-con e-child\" data-id=\"1c7615f\" data-element_type=\"container\" data-settings=\"{&quot;content_width&quot;:&quot;full&quot;}\">\n\t\t\t\t<div class=\"elementor-element elementor-element-f8e45ca elementor-widget elementor-widget-image\" data-id=\"f8e45ca\" data-element_type=\"widget\" data-widget_type=\"image.default\">\n\t\t\t\t<div class=\"elementor-widget-container\">\n\t\t\t\t\t\t\t\t\t\t\t\t\t\t\t<img decoding=\"async\" width=\"900\" height=\"600\" src=\"https:\/\/kasiminternational.com\/wp-content\/uploads\/2025\/06\/140A0928-1024x683.jpg\" class=\"attachment-large size-large wp-image-3048\" alt=\"\" srcset=\"https:\/\/kasiminternational.com\/wp-content\/uploads\/2025\/06\/140A0928-1024x683.jpg 1024w, https:\/\/kasiminternational.com\/wp-content\/uploads\/2025\/06\/140A0928-300x200.jpg 300w, https:\/\/kasiminternational.com\/wp-content\/uploads\/2025\/06\/140A0928-768x512.jpg 768w, https:\/\/kasiminternational.com\/wp-content\/uploads\/2025\/06\/140A0928-1536x1024.jpg 1536w, https:\/\/kasiminternational.com\/wp-content\/uploads\/2025\/06\/140A0928-2048x1365.jpg 2048w\" sizes=\"(max-width: 900px) 100vw, 900px\" \/>\t\t\t\t\t\t\t\t\t\t\t\t\t\t\t<\/div>\n\t\t\t\t<\/div>\n\t\t\t\t<\/div>\n\t\t\t\t\t<\/div>\n\t\t\t\t<\/div>\n\t\t\t\t<section class=\"elementor-section elementor-top-section elementor-element elementor-element-1d7c5d1a elementor-section-boxed elementor-section-height-default elementor-section-height-default tf-sticky-section tf-sticky-no\" data-id=\"1d7c5d1a\" data-element_type=\"section\" data-settings=\"{&quot;background_background&quot;:&quot;classic&quot;,&quot;tf_sticky&quot;:&quot;no&quot;}\">\n\t\t\t\t\t\t\t<div class=\"elementor-background-overlay\"><\/div>\n\t\t\t\t\t\t\t<div class=\"elementor-container elementor-column-gap-default\">\n\t\t\t\t\t<div class=\"elementor-column elementor-col-100 elementor-top-column elementor-element elementor-element-5ca1d012\" data-id=\"5ca1d012\" data-element_type=\"column\" data-settings=\"{&quot;background_background&quot;:&quot;gradient&quot;}\">\n\t\t\t<div class=\"elementor-widget-wrap elementor-element-populated\">\n\t\t\t\t\t\t\t\t<div class=\"elementor-element elementor-element-0e83d79 elementor-widget elementor-widget-heading\" data-id=\"0e83d79\" data-element_type=\"widget\" data-widget_type=\"heading.default\">\n\t\t\t\t<div class=\"elementor-widget-container\">\n\t\t\t<h3 class=\"elementor-heading-title elementor-size-default\">Nuestra Misi\u00f3n<\/h3>\t\t<\/div>\n\t\t\t\t<\/div>\n\t\t\t\t<div class=\"elementor-element elementor-element-3045322 elementor-widget elementor-widget-heading\" data-id=\"3045322\" data-element_type=\"widget\" data-widget_type=\"heading.default\">\n\t\t\t\t<div class=\"elementor-widget-container\">\n\t\t\t<h3 class=\"elementor-heading-title elementor-size-default\">Somos una empresa de distribuci\u00f3n de alimentos y bebidas dedicada a ofrecer una cobertura integral y un servicio excepcional a los minoristas, brindando a nuestros consumidores productos de la m\u00e1s alta calidad a un excelente precio en su tienda local m\u00e1s cercana.<\/h3>\t\t<\/div>\n\t\t\t\t<\/div>\n\t\t\t\t\t<\/div>\n\t\t<\/div>\n\t\t\t\t\t\t\t<\/div>\n\t\t<\/section>\n\t\t\t\t<section class=\"elementor-section elementor-inner-section elementor-element elementor-element-07dcc76 elementor-section-boxed elementor-section-height-default elementor-section-height-default tf-sticky-section tf-sticky-no\" data-id=\"07dcc76\" data-element_type=\"section\" data-settings=\"{&quot;tf_sticky&quot;:&quot;no&quot;}\">\n\t\t\t\t\t\t<div class=\"elementor-container elementor-column-gap-default\">\n\t\t\t\t\t<div class=\"elementor-column elementor-col-100 elementor-inner-column elementor-element elementor-element-652eaff\" data-id=\"652eaff\" data-element_type=\"column\">\n\t\t\t<div class=\"elementor-widget-wrap elementor-element-populated\">\n\t\t\t\t\t\t\t\t<div class=\"elementor-element elementor-element-caeec8e elementor-widget elementor-widget-heading\" data-id=\"caeec8e\" data-element_type=\"widget\" data-widget_type=\"heading.default\">\n\t\t\t\t<div class=\"elementor-widget-container\">\n\t\t\t<h3 class=\"elementor-heading-title elementor-size-default\">Nuestros Valores<\/h3>\t\t<\/div>\n\t\t\t\t<\/div>\n\t\t\t\t\t<\/div>\n\t\t<\/div>\n\t\t\t\t\t\t\t<\/div>\n\t\t<\/section>\n\t\t\t\t<section class=\"elementor-section elementor-inner-section elementor-element elementor-element-3f58277 elementor-section-boxed elementor-section-height-default elementor-section-height-default tf-sticky-section tf-sticky-no\" data-id=\"3f58277\" data-element_type=\"section\" data-settings=\"{&quot;tf_sticky&quot;:&quot;no&quot;}\">\n\t\t\t\t\t\t<div class=\"elementor-container elementor-column-gap-default\">\n\t\t\t\t\t<div class=\"elementor-column elementor-col-33 elementor-inner-column elementor-element elementor-element-568ba25 elementor-invisible\" data-id=\"568ba25\" data-element_type=\"column\" data-settings=\"{&quot;animation&quot;:&quot;fadeInUp&quot;}\">\n\t\t\t<div class=\"elementor-widget-wrap elementor-element-populated\">\n\t\t\t\t\t\t\t\t<div class=\"elementor-element elementor-element-89a99dc elementor-widget__width-initial elementor-position-top elementor-widget elementor-widget-image-box\" data-id=\"89a99dc\" data-element_type=\"widget\" data-widget_type=\"image-box.default\">\n\t\t\t\t<div class=\"elementor-widget-container\">\n\t\t\t<style>\/*! elementor - v3.17.0 - 25-10-2023 *\/\n.elementor-widget-image-box .elementor-image-box-content{width:100%}@media (min-width:768px){.elementor-widget-image-box.elementor-position-left .elementor-image-box-wrapper,.elementor-widget-image-box.elementor-position-right .elementor-image-box-wrapper{display:flex}.elementor-widget-image-box.elementor-position-right .elementor-image-box-wrapper{text-align:right;flex-direction:row-reverse}.elementor-widget-image-box.elementor-position-left .elementor-image-box-wrapper{text-align:left;flex-direction:row}.elementor-widget-image-box.elementor-position-top .elementor-image-box-img{margin:auto}.elementor-widget-image-box.elementor-vertical-align-top .elementor-image-box-wrapper{align-items:flex-start}.elementor-widget-image-box.elementor-vertical-align-middle .elementor-image-box-wrapper{align-items:center}.elementor-widget-image-box.elementor-vertical-align-bottom .elementor-image-box-wrapper{align-items:flex-end}}@media (max-width:767px){.elementor-widget-image-box .elementor-image-box-img{margin-left:auto!important;margin-right:auto!important;margin-bottom:15px}}.elementor-widget-image-box .elementor-image-box-img{display:inline-block}.elementor-widget-image-box .elementor-image-box-title a{color:inherit}.elementor-widget-image-box .elementor-image-box-wrapper{text-align:center}.elementor-widget-image-box .elementor-image-box-description{margin:0}<\/style><div class=\"elementor-image-box-wrapper\"><figure class=\"elementor-image-box-img\"><img decoding=\"async\" src=\"https:\/\/kasiminternational.com\/wp-content\/uploads\/2024\/03\/Trabajo-en-grupo.svg\" class=\"attachment-full size-full wp-image-2934\" alt=\"\" \/><\/figure><div class=\"elementor-image-box-content\"><h3 class=\"elementor-image-box-title\">COLABORACI\u00d3N<\/h3><p class=\"elementor-image-box-description\">Trabajamos como un solo equipo con los mismos objetivos y medidas\n<\/p><\/div><\/div>\t\t<\/div>\n\t\t\t\t<\/div>\n\t\t\t\t\t<\/div>\n\t\t<\/div>\n\t\t\t\t<div class=\"elementor-column elementor-col-33 elementor-inner-column elementor-element elementor-element-16b20f9 elementor-invisible\" data-id=\"16b20f9\" data-element_type=\"column\" data-settings=\"{&quot;animation&quot;:&quot;fadeInUp&quot;}\">\n\t\t\t<div class=\"elementor-widget-wrap elementor-element-populated\">\n\t\t\t\t\t\t\t\t<div class=\"elementor-element elementor-element-2d3fd96 elementor-widget__width-initial elementor-position-top elementor-widget elementor-widget-image-box\" data-id=\"2d3fd96\" data-element_type=\"widget\" data-widget_type=\"image-box.default\">\n\t\t\t\t<div class=\"elementor-widget-container\">\n\t\t\t<div class=\"elementor-image-box-wrapper\"><figure class=\"elementor-image-box-img\"><img decoding=\"async\" src=\"https:\/\/kasiminternational.com\/wp-content\/uploads\/2024\/03\/Excelencia.svg\" class=\"attachment-full size-full wp-image-2938\" alt=\"\" \/><\/figure><div class=\"elementor-image-box-content\"><h3 class=\"elementor-image-box-title\">SERVICIO<\/h3><p class=\"elementor-image-box-description\">Nos enorgullecemos de brindar servicio a todas las marcas con los m\u00e1s altos est\u00e1ndares, garantizando que sigan siendo nuestra principal prioridad\n<\/p><\/div><\/div>\t\t<\/div>\n\t\t\t\t<\/div>\n\t\t\t\t\t<\/div>\n\t\t<\/div>\n\t\t\t\t<div class=\"elementor-column elementor-col-33 elementor-inner-column elementor-element elementor-element-e924a5a elementor-invisible\" data-id=\"e924a5a\" data-element_type=\"column\" data-settings=\"{&quot;animation&quot;:&quot;fadeInUp&quot;}\">\n\t\t\t<div class=\"elementor-widget-wrap elementor-element-populated\">\n\t\t\t\t\t\t\t\t<div class=\"elementor-element elementor-element-2e97ddd elementor-widget__width-initial elementor-position-top elementor-widget elementor-widget-image-box\" data-id=\"2e97ddd\" data-element_type=\"widget\" data-widget_type=\"image-box.default\">\n\t\t\t\t<div class=\"elementor-widget-container\">\n\t\t\t<div class=\"elementor-image-box-wrapper\"><figure class=\"elementor-image-box-img\"><img decoding=\"async\" src=\"https:\/\/kasiminternational.com\/wp-content\/uploads\/2024\/03\/Etica.svg\" class=\"attachment-full size-full wp-image-2936\" alt=\"\" \/><\/figure><div class=\"elementor-image-box-content\"><h3 class=\"elementor-image-box-title\">INTEGRIDAD<\/h3><p class=\"elementor-image-box-description\">Siempre hacemos lo correcto y tratamos el negocio como si fuera nuestro.\n<\/p><\/div><\/div>\t\t<\/div>\n\t\t\t\t<\/div>\n\t\t\t\t\t<\/div>\n\t\t<\/div>\n\t\t\t\t\t\t\t<\/div>\n\t\t<\/section>\n\t\t\t\t<section class=\"elementor-section elementor-inner-section elementor-element elementor-element-6413790 elementor-section-boxed elementor-section-height-default elementor-section-height-default tf-sticky-section tf-sticky-no\" data-id=\"6413790\" data-element_type=\"section\" data-settings=\"{&quot;tf_sticky&quot;:&quot;no&quot;}\">\n\t\t\t\t\t\t<div class=\"elementor-container elementor-column-gap-default\">\n\t\t\t\t\t<div class=\"elementor-column elementor-col-33 elementor-inner-column elementor-element elementor-element-7a0ff74 elementor-invisible\" data-id=\"7a0ff74\" data-element_type=\"column\" data-settings=\"{&quot;animation&quot;:&quot;fadeInUp&quot;}\">\n\t\t\t<div class=\"elementor-widget-wrap elementor-element-populated\">\n\t\t\t\t\t\t\t\t<div class=\"elementor-element elementor-element-7af4a6c elementor-widget__width-initial elementor-position-top elementor-widget elementor-widget-image-box\" data-id=\"7af4a6c\" data-element_type=\"widget\" data-widget_type=\"image-box.default\">\n\t\t\t\t<div class=\"elementor-widget-container\">\n\t\t\t<div class=\"elementor-image-box-wrapper\"><figure class=\"elementor-image-box-img\"><img decoding=\"async\" src=\"https:\/\/kasiminternational.com\/wp-content\/uploads\/2024\/03\/Perseverancia.svg\" class=\"attachment-full size-full wp-image-2937\" alt=\"\" \/><\/figure><div class=\"elementor-image-box-content\"><h3 class=\"elementor-image-box-title\">TRANSPARENCIA<\/h3><p class=\"elementor-image-box-description\">No ocultamos ni endulzamos la informaci\u00f3n, sino que nos comunicamos en el momento adecuado con las personas adecuadas.<\/p><\/div><\/div>\t\t<\/div>\n\t\t\t\t<\/div>\n\t\t\t\t\t<\/div>\n\t\t<\/div>\n\t\t\t\t<div class=\"elementor-column elementor-col-33 elementor-inner-column elementor-element elementor-element-6b5dded elementor-invisible\" data-id=\"6b5dded\" data-element_type=\"column\" data-settings=\"{&quot;animation&quot;:&quot;fadeInUp&quot;}\">\n\t\t\t<div class=\"elementor-widget-wrap elementor-element-populated\">\n\t\t\t\t\t\t\t\t<div class=\"elementor-element elementor-element-da04979 elementor-widget__width-initial elementor-position-top elementor-widget elementor-widget-image-box\" data-id=\"da04979\" data-element_type=\"widget\" data-widget_type=\"image-box.default\">\n\t\t\t\t<div class=\"elementor-widget-container\">\n\t\t\t<div class=\"elementor-image-box-wrapper\"><figure class=\"elementor-image-box-img\"><img decoding=\"async\" src=\"https:\/\/kasiminternational.com\/wp-content\/uploads\/2024\/03\/Diversidad.svg\" class=\"attachment-full size-full wp-image-2939\" alt=\"\" \/><\/figure><div class=\"elementor-image-box-content\"><h3 class=\"elementor-image-box-title\">INNOVACI\u00d3N<\/h3><p class=\"elementor-image-box-description\">No tenemos miedo de intentarlo ni de fracasar; aprendemos de los fracasos y estamos en sinton\u00eda con las \u00faltimas tendencias.\n<\/p><\/div><\/div>\t\t<\/div>\n\t\t\t\t<\/div>\n\t\t\t\t\t<\/div>\n\t\t<\/div>\n\t\t\t\t<div class=\"elementor-column elementor-col-33 elementor-inner-column elementor-element elementor-element-5aed5dd elementor-invisible\" data-id=\"5aed5dd\" data-element_type=\"column\" data-settings=\"{&quot;animation&quot;:&quot;fadeInUp&quot;}\">\n\t\t\t<div class=\"elementor-widget-wrap elementor-element-populated\">\n\t\t\t\t\t\t\t\t<div class=\"elementor-element elementor-element-a074824 elementor-widget__width-initial elementor-position-top elementor-widget elementor-widget-image-box\" data-id=\"a074824\" data-element_type=\"widget\" data-widget_type=\"image-box.default\">\n\t\t\t\t<div class=\"elementor-widget-container\">\n\t\t\t<div class=\"elementor-image-box-wrapper\"><figure class=\"elementor-image-box-img\"><img decoding=\"async\" src=\"https:\/\/kasiminternational.com\/wp-content\/uploads\/2024\/03\/Responsabilidad.svg\" class=\"attachment-full size-full wp-image-2935\" alt=\"\" \/><\/figure><div class=\"elementor-image-box-content\"><h3 class=\"elementor-image-box-title\">EXCELENCIA<\/h3><p class=\"elementor-image-box-description\">Ejecutamos con excelencia todo lo que hacemos.\n<\/p><\/div><\/div>\t\t<\/div>\n\t\t\t\t<\/div>\n\t\t\t\t\t<\/div>\n\t\t<\/div>\n\t\t\t\t\t\t\t<\/div>\n\t\t<\/section>\n\t\t<div class=\"elementor-element elementor-element-cee0d04 e-flex e-con-boxed e-con e-parent\" data-id=\"cee0d04\" data-element_type=\"container\" data-settings=\"{&quot;background_background&quot;:&quot;classic&quot;,&quot;content_width&quot;:&quot;boxed&quot;}\" data-core-v316-plus=\"true\">\n\t\t\t\t\t<div class=\"e-con-inner\">\n\t\t\t\t\t<\/div>\n\t\t\t\t<\/div>\n\t\t\t\t\t\t\t<\/div>","protected":false},"excerpt":{"rendered":"<p>Kasim International Corporation Welcome to Kasim International Corporation, a family-owned business with a legacy dating back to 1981. As part of a business group with over 50 years of experience in food and beverage distribution, we pride ourselves on our commitment to excellence! Kasim International Corporation prioritizes the marketing and distribution of consumer goods, ensuring [&hellip;]<\/p>","protected":false},"author":1,"featured_media":0,"parent":0,"menu_order":0,"comment_status":"closed","ping_status":"closed","template":"elementor_header_footer","meta":{"footnotes":""},"class_list":["post-1759","page","type-page","status-publish","hentry"],"_links":{"self":[{"href":"https:\/\/kasiminternational.com\/es\/wp-json\/wp\/v2\/pages\/1759","targetHints":{"allow":["GET"]}}],"collection":[{"href":"https:\/\/kasiminternational.com\/es\/wp-json\/wp\/v2\/pages"}],"about":[{"href":"https:\/\/kasiminternational.com\/es\/wp-json\/wp\/v2\/types\/page"}],"author":[{"embeddable":true,"href":"https:\/\/kasiminternational.com\/es\/wp-json\/wp\/v2\/users\/1"}],"replies":[{"embeddable":true,"href":"https:\/\/kasiminternational.com\/es\/wp-json\/wp\/v2\/comments?post=1759"}],"version-history":[{"count":148,"href":"https:\/\/kasiminternational.com\/es\/wp-json\/wp\/v2\/pages\/1759\/revisions"}],"predecessor-version":[{"id":3459,"href":"https:\/\/kasiminternational.com\/es\/wp-json\/wp\/v2\/pages\/1759\/revisions\/3459"}],"wp:attachment":[{"href":"https:\/\/kasiminternational.com\/es\/wp-json\/wp\/v2\/media?parent=1759"}],"curies":[{"name":"wp","href":"https:\/\/api.w.org\/{rel}","templated":true}]}}