{"id":2030,"date":"2023-12-05T20:20:58","date_gmt":"2023-12-05T20:20:58","guid":{"rendered":"https:\/\/kasiminternational.com\/wordpress\/?page_id=2030"},"modified":"2025-09-09T22:29:20","modified_gmt":"2025-09-09T22:29:20","slug":"akenton","status":"publish","type":"page","link":"https:\/\/kasiminternational.com\/es\/akenton\/","title":{"rendered":"Akenton"},"content":{"rendered":"<div data-elementor-type=\"wp-page\" data-elementor-id=\"2030\" class=\"elementor elementor-2030\">\n\t\t\t\t\t\t\t\t\t<section class=\"elementor-section elementor-top-section elementor-element elementor-element-4f29c5f4 elementor-section-boxed elementor-section-height-default elementor-section-height-default tf-sticky-section tf-sticky-no\" data-id=\"4f29c5f4\" data-element_type=\"section\" data-settings=\"{&quot;tf_sticky&quot;:&quot;no&quot;}\">\n\t\t\t\t\t\t<div class=\"elementor-container elementor-column-gap-default\">\n\t\t\t\t\t<div class=\"elementor-column elementor-col-100 elementor-top-column elementor-element elementor-element-41e8b509\" data-id=\"41e8b509\" data-element_type=\"column\">\n\t\t\t<div class=\"elementor-widget-wrap elementor-element-populated\">\n\t\t\t\t\t\t\t\t<section class=\"elementor-section elementor-inner-section elementor-element elementor-element-6a197d9b elementor-section-boxed elementor-section-height-default elementor-section-height-default tf-sticky-section tf-sticky-no\" data-id=\"6a197d9b\" data-element_type=\"section\" data-settings=\"{&quot;tf_sticky&quot;:&quot;no&quot;}\">\n\t\t\t\t\t\t<div class=\"elementor-container elementor-column-gap-default\">\n\t\t\t\t\t<div class=\"elementor-column elementor-col-33 elementor-inner-column elementor-element elementor-element-7741f20a\" data-id=\"7741f20a\" data-element_type=\"column\">\n\t\t\t<div class=\"elementor-widget-wrap\">\n\t\t\t\t\t\t\t\t\t<\/div>\n\t\t<\/div>\n\t\t\t\t<div class=\"elementor-column elementor-col-33 elementor-inner-column elementor-element elementor-element-7866c8ca\" data-id=\"7866c8ca\" data-element_type=\"column\">\n\t\t\t<div class=\"elementor-widget-wrap elementor-element-populated\">\n\t\t\t\t\t\t\t\t<div class=\"elementor-element elementor-element-f1427c8 elementor-widget elementor-widget-image\" data-id=\"f1427c8\" data-element_type=\"widget\" data-widget_type=\"image.default\">\n\t\t\t\t<div class=\"elementor-widget-container\">\n\t\t\t<style>\/*! elementor - v3.17.0 - 25-10-2023 *\/\n.elementor-widget-image{text-align:center}.elementor-widget-image a{display:inline-block}.elementor-widget-image a img[src$=\".svg\"]{width:48px}.elementor-widget-image img{vertical-align:middle;display:inline-block}<\/style>\t\t\t\t\t\t\t\t\t\t\t\t<img fetchpriority=\"high\" decoding=\"async\" width=\"900\" height=\"700\" src=\"https:\/\/kasiminternational.com\/wp-content\/uploads\/2023\/11\/akenton-1.png\" class=\"attachment-large size-large wp-image-1887\" alt=\"\" srcset=\"https:\/\/kasiminternational.com\/wp-content\/uploads\/2023\/11\/akenton-1.png 900w, https:\/\/kasiminternational.com\/wp-content\/uploads\/2023\/11\/akenton-1-300x233.png 300w, https:\/\/kasiminternational.com\/wp-content\/uploads\/2023\/11\/akenton-1-768x597.png 768w\" sizes=\"(max-width: 900px) 100vw, 900px\" \/>\t\t\t\t\t\t\t\t\t\t\t\t\t\t\t<\/div>\n\t\t\t\t<\/div>\n\t\t\t\t\t<\/div>\n\t\t<\/div>\n\t\t\t\t<div class=\"elementor-column elementor-col-33 elementor-inner-column elementor-element elementor-element-6f5371d\" data-id=\"6f5371d\" data-element_type=\"column\">\n\t\t\t<div class=\"elementor-widget-wrap\">\n\t\t\t\t\t\t\t\t\t<\/div>\n\t\t<\/div>\n\t\t\t\t\t\t\t<\/div>\n\t\t<\/section>\n\t\t\t\t\t<\/div>\n\t\t<\/div>\n\t\t\t\t\t\t\t<\/div>\n\t\t<\/section>\n\t\t<div class=\"elementor-element elementor-element-0e5f0dd e-flex e-con-boxed e-con e-parent\" data-id=\"0e5f0dd\" data-element_type=\"container\" data-settings=\"{&quot;content_width&quot;:&quot;boxed&quot;}\" data-core-v316-plus=\"true\">\n\t\t\t\t\t<div class=\"e-con-inner\">\n\t\t<div class=\"elementor-element elementor-element-c9bd029 e-con-full e-flex e-con e-child\" data-id=\"c9bd029\" data-element_type=\"container\" data-settings=\"{&quot;content_width&quot;:&quot;full&quot;}\">\n\t\t\t\t<\/div>\n\t\t<div class=\"elementor-element elementor-element-23c955c e-con-full e-flex e-con e-child\" data-id=\"23c955c\" data-element_type=\"container\" data-settings=\"{&quot;content_width&quot;:&quot;full&quot;}\">\n\t\t\t\t<div class=\"elementor-element elementor-element-c31104e elementor-widget elementor-widget-heading\" data-id=\"c31104e\" data-element_type=\"widget\" data-widget_type=\"heading.default\">\n\t\t\t\t<div class=\"elementor-widget-container\">\n\t\t\t<style>\/*! elementor - v3.17.0 - 25-10-2023 *\/\n.elementor-heading-title{padding:0;margin:0;line-height:1}.elementor-widget-heading .elementor-heading-title[class*=elementor-size-]>a{color:inherit;font-size:inherit;line-height:inherit}.elementor-widget-heading .elementor-heading-title.elementor-size-small{font-size:15px}.elementor-widget-heading .elementor-heading-title.elementor-size-medium{font-size:19px}.elementor-widget-heading .elementor-heading-title.elementor-size-large{font-size:29px}.elementor-widget-heading .elementor-heading-title.elementor-size-xl{font-size:39px}.elementor-widget-heading .elementor-heading-title.elementor-size-xxl{font-size:59px}<\/style><h3 class=\"elementor-heading-title elementor-size-default\">Akenton es una marca de az\u00facar premium que ofrece az\u00facar de ca\u00f1a org\u00e1nica de primera calidad, cosechada a mano en campos selectos de Guatemala. Su az\u00facar proviene directamente de ca\u00f1a reci\u00e9n cortada, preservando su sabor y pureza naturales.\n\n<\/h3>\t\t<\/div>\n\t\t\t\t<\/div>\n\t\t\t\t<\/div>\n\t\t<div class=\"elementor-element elementor-element-086287c e-con-full e-flex e-con e-child\" data-id=\"086287c\" data-element_type=\"container\" data-settings=\"{&quot;content_width&quot;:&quot;full&quot;}\">\n\t\t\t\t<\/div>\n\t\t\t\t\t<\/div>\n\t\t\t\t<\/div>\n\t\t\t\t<section class=\"elementor-section elementor-top-section elementor-element elementor-element-49c35c8d elementor-section-boxed elementor-section-height-default elementor-section-height-default tf-sticky-section tf-sticky-no\" data-id=\"49c35c8d\" data-element_type=\"section\" data-settings=\"{&quot;background_background&quot;:&quot;classic&quot;,&quot;tf_sticky&quot;:&quot;no&quot;}\">\n\t\t\t\t\t\t<div class=\"elementor-container elementor-column-gap-default\">\n\t\t\t\t\t<div class=\"elementor-column elementor-col-100 elementor-top-column elementor-element elementor-element-b5f57dd\" data-id=\"b5f57dd\" data-element_type=\"column\">\n\t\t\t<div class=\"elementor-widget-wrap elementor-element-populated\">\n\t\t\t\t\t\t\t\t<section class=\"elementor-section elementor-inner-section elementor-element elementor-element-110b207e elementor-section-boxed elementor-section-height-default elementor-section-height-default tf-sticky-section tf-sticky-no\" data-id=\"110b207e\" data-element_type=\"section\" data-settings=\"{&quot;tf_sticky&quot;:&quot;no&quot;}\">\n\t\t\t\t\t\t<div class=\"elementor-container elementor-column-gap-default\">\n\t\t\t\t\t<div class=\"elementor-column elementor-col-25 elementor-inner-column elementor-element elementor-element-59676118 elementor-invisible\" data-id=\"59676118\" data-element_type=\"column\" data-settings=\"{&quot;animation&quot;:&quot;fadeInUp&quot;}\">\n\t\t\t<div class=\"elementor-widget-wrap elementor-element-populated\">\n\t\t\t\t\t\t\t\t<div class=\"elementor-element elementor-element-e32d01d elementor-widget elementor-widget-image\" data-id=\"e32d01d\" data-element_type=\"widget\" data-widget_type=\"image.default\">\n\t\t\t\t<div class=\"elementor-widget-container\">\n\t\t\t\t\t\t\t\t\t\t\t\t<figure class=\"wp-caption\">\n\t\t\t\t\t\t\t\t\t\t<img decoding=\"async\" width=\"711\" height=\"1024\" src=\"https:\/\/kasiminternational.com\/wp-content\/uploads\/2025\/07\/unnamed-1-711x1024.png\" class=\"attachment-large size-large wp-image-3282\" alt=\"\" srcset=\"https:\/\/kasiminternational.com\/wp-content\/uploads\/2025\/07\/unnamed-1-711x1024.png 711w, https:\/\/kasiminternational.com\/wp-content\/uploads\/2025\/07\/unnamed-1-208x300.png 208w, https:\/\/kasiminternational.com\/wp-content\/uploads\/2025\/07\/unnamed-1-768x1106.png 768w, https:\/\/kasiminternational.com\/wp-content\/uploads\/2025\/07\/unnamed-1-1067x1536.png 1067w, https:\/\/kasiminternational.com\/wp-content\/uploads\/2025\/07\/unnamed-1-1422x2048.png 1422w, https:\/\/kasiminternational.com\/wp-content\/uploads\/2025\/07\/unnamed-1.png 1500w\" sizes=\"(max-width: 711px) 100vw, 711px\" \/>\t\t\t\t\t\t\t\t\t\t\t<figcaption class=\"widget-image-caption wp-caption-text\">Natural Raw Sugar<\/figcaption>\n\t\t\t\t\t\t\t\t\t\t<\/figure>\n\t\t\t\t\t\t\t\t\t<\/div>\n\t\t\t\t<\/div>\n\t\t\t\t\t<\/div>\n\t\t<\/div>\n\t\t\t\t<div class=\"elementor-column elementor-col-25 elementor-inner-column elementor-element elementor-element-a3a4566 elementor-invisible\" data-id=\"a3a4566\" data-element_type=\"column\" data-settings=\"{&quot;animation&quot;:&quot;fadeInUp&quot;}\">\n\t\t\t<div class=\"elementor-widget-wrap elementor-element-populated\">\n\t\t\t\t\t\t\t\t<div class=\"elementor-element elementor-element-e8f5201 elementor-widget elementor-widget-image\" data-id=\"e8f5201\" data-element_type=\"widget\" data-widget_type=\"image.default\">\n\t\t\t\t<div class=\"elementor-widget-container\">\n\t\t\t\t\t\t\t\t\t\t\t\t<figure class=\"wp-caption\">\n\t\t\t\t\t\t\t\t\t\t<img decoding=\"async\" width=\"711\" height=\"1024\" src=\"https:\/\/kasiminternational.com\/wp-content\/uploads\/2025\/07\/unnamed-711x1024.png\" class=\"attachment-large size-large wp-image-3283\" alt=\"\" srcset=\"https:\/\/kasiminternational.com\/wp-content\/uploads\/2025\/07\/unnamed-711x1024.png 711w, https:\/\/kasiminternational.com\/wp-content\/uploads\/2025\/07\/unnamed-208x300.png 208w, https:\/\/kasiminternational.com\/wp-content\/uploads\/2025\/07\/unnamed-768x1106.png 768w, https:\/\/kasiminternational.com\/wp-content\/uploads\/2025\/07\/unnamed-1067x1536.png 1067w, https:\/\/kasiminternational.com\/wp-content\/uploads\/2025\/07\/unnamed-1422x2048.png 1422w, https:\/\/kasiminternational.com\/wp-content\/uploads\/2025\/07\/unnamed.png 1500w\" sizes=\"(max-width: 711px) 100vw, 711px\" \/>\t\t\t\t\t\t\t\t\t\t\t<figcaption class=\"widget-image-caption wp-caption-text\">Organic Raw Sugar<\/figcaption>\n\t\t\t\t\t\t\t\t\t\t<\/figure>\n\t\t\t\t\t\t\t\t\t<\/div>\n\t\t\t\t<\/div>\n\t\t\t\t\t<\/div>\n\t\t<\/div>\n\t\t\t\t<div class=\"elementor-column elementor-col-25 elementor-inner-column elementor-element elementor-element-65fec7a elementor-invisible\" data-id=\"65fec7a\" data-element_type=\"column\" data-settings=\"{&quot;animation&quot;:&quot;fadeInUp&quot;}\">\n\t\t\t<div class=\"elementor-widget-wrap\">\n\t\t\t\t\t\t\t\t\t<\/div>\n\t\t<\/div>\n\t\t\t\t<div class=\"elementor-column elementor-col-25 elementor-inner-column elementor-element elementor-element-3831477 elementor-invisible\" data-id=\"3831477\" data-element_type=\"column\" data-settings=\"{&quot;animation&quot;:&quot;fadeInUp&quot;}\">\n\t\t\t<div class=\"elementor-widget-wrap\">\n\t\t\t\t\t\t\t\t\t<\/div>\n\t\t<\/div>\n\t\t\t\t\t\t\t<\/div>\n\t\t<\/section>\n\t\t\t\t\t<\/div>\n\t\t<\/div>\n\t\t\t\t\t\t\t<\/div>\n\t\t<\/section>\n\t\t\t\t\t\t\t<\/div>","protected":false},"excerpt":{"rendered":"<p>Akenton is a premium sugar brand that offers premium organic cane sugar, hand-harvested in select fields in Guatemala. Its sugar comes directly from freshly cut cane, preserving its natural flavor and purity. Natural Raw Sugar Organic Raw Sugar<\/p>","protected":false},"author":1,"featured_media":0,"parent":0,"menu_order":0,"comment_status":"closed","ping_status":"closed","template":"elementor_header_footer","meta":{"footnotes":""},"class_list":["post-2030","page","type-page","status-publish","hentry"],"_links":{"self":[{"href":"https:\/\/kasiminternational.com\/es\/wp-json\/wp\/v2\/pages\/2030","targetHints":{"allow":["GET"]}}],"collection":[{"href":"https:\/\/kasiminternational.com\/es\/wp-json\/wp\/v2\/pages"}],"about":[{"href":"https:\/\/kasiminternational.com\/es\/wp-json\/wp\/v2\/types\/page"}],"author":[{"embeddable":true,"href":"https:\/\/kasiminternational.com\/es\/wp-json\/wp\/v2\/users\/1"}],"replies":[{"embeddable":true,"href":"https:\/\/kasiminternational.com\/es\/wp-json\/wp\/v2\/comments?post=2030"}],"version-history":[{"count":52,"href":"https:\/\/kasiminternational.com\/es\/wp-json\/wp\/v2\/pages\/2030\/revisions"}],"predecessor-version":[{"id":3408,"href":"https:\/\/kasiminternational.com\/es\/wp-json\/wp\/v2\/pages\/2030\/revisions\/3408"}],"wp:attachment":[{"href":"https:\/\/kasiminternational.com\/es\/wp-json\/wp\/v2\/media?parent=2030"}],"curies":[{"name":"wp","href":"https:\/\/api.w.org\/{rel}","templated":true}]}}