{"id":2039,"date":"2023-12-05T20:35:39","date_gmt":"2023-12-05T20:35:39","guid":{"rendered":"https:\/\/kasiminternational.com\/wordpress\/?page_id=2039"},"modified":"2025-09-09T22:31:32","modified_gmt":"2025-09-09T22:31:32","slug":"essity","status":"publish","type":"page","link":"https:\/\/kasiminternational.com\/es\/essity\/","title":{"rendered":"Essity"},"content":{"rendered":"<div data-elementor-type=\"wp-page\" data-elementor-id=\"2039\" class=\"elementor elementor-2039\">\n\t\t\t\t\t\t\t\t\t<section class=\"elementor-section elementor-top-section elementor-element elementor-element-36b1307 elementor-section-boxed elementor-section-height-default elementor-section-height-default tf-sticky-section tf-sticky-no\" data-id=\"36b1307\" data-element_type=\"section\" data-settings=\"{&quot;tf_sticky&quot;:&quot;no&quot;}\">\n\t\t\t\t\t\t<div class=\"elementor-container elementor-column-gap-default\">\n\t\t\t\t\t<div class=\"elementor-column elementor-col-100 elementor-top-column elementor-element elementor-element-7cd6cef\" data-id=\"7cd6cef\" data-element_type=\"column\">\n\t\t\t<div class=\"elementor-widget-wrap elementor-element-populated\">\n\t\t\t\t\t\t\t\t<section class=\"elementor-section elementor-inner-section elementor-element elementor-element-a055d4b elementor-section-boxed elementor-section-height-default elementor-section-height-default tf-sticky-section tf-sticky-no\" data-id=\"a055d4b\" data-element_type=\"section\" data-settings=\"{&quot;tf_sticky&quot;:&quot;no&quot;}\">\n\t\t\t\t\t\t<div class=\"elementor-container elementor-column-gap-default\">\n\t\t\t\t\t<div class=\"elementor-column elementor-col-33 elementor-inner-column elementor-element elementor-element-a674ca9\" data-id=\"a674ca9\" data-element_type=\"column\">\n\t\t\t<div class=\"elementor-widget-wrap\">\n\t\t\t\t\t\t\t\t\t<\/div>\n\t\t<\/div>\n\t\t\t\t<div class=\"elementor-column elementor-col-33 elementor-inner-column elementor-element elementor-element-215e424\" data-id=\"215e424\" data-element_type=\"column\">\n\t\t\t<div class=\"elementor-widget-wrap elementor-element-populated\">\n\t\t\t\t\t\t\t\t<div class=\"elementor-element elementor-element-cb673c9 elementor-widget elementor-widget-image\" data-id=\"cb673c9\" data-element_type=\"widget\" data-widget_type=\"image.default\">\n\t\t\t\t<div class=\"elementor-widget-container\">\n\t\t\t<style>\/*! elementor - v3.17.0 - 25-10-2023 *\/\n.elementor-widget-image{text-align:center}.elementor-widget-image a{display:inline-block}.elementor-widget-image a img[src$=\".svg\"]{width:48px}.elementor-widget-image img{vertical-align:middle;display:inline-block}<\/style>\t\t\t\t\t\t\t\t\t\t\t\t<img fetchpriority=\"high\" decoding=\"async\" width=\"900\" height=\"700\" src=\"https:\/\/kasiminternational.com\/wp-content\/uploads\/2023\/11\/Essity-1.png\" class=\"attachment-large size-large wp-image-1890\" alt=\"\" srcset=\"https:\/\/kasiminternational.com\/wp-content\/uploads\/2023\/11\/Essity-1.png 900w, https:\/\/kasiminternational.com\/wp-content\/uploads\/2023\/11\/Essity-1-300x233.png 300w, https:\/\/kasiminternational.com\/wp-content\/uploads\/2023\/11\/Essity-1-768x597.png 768w\" sizes=\"(max-width: 900px) 100vw, 900px\" \/>\t\t\t\t\t\t\t\t\t\t\t\t\t\t\t<\/div>\n\t\t\t\t<\/div>\n\t\t\t\t\t<\/div>\n\t\t<\/div>\n\t\t\t\t<div class=\"elementor-column elementor-col-33 elementor-inner-column elementor-element elementor-element-995efae\" data-id=\"995efae\" data-element_type=\"column\">\n\t\t\t<div class=\"elementor-widget-wrap\">\n\t\t\t\t\t\t\t\t\t<\/div>\n\t\t<\/div>\n\t\t\t\t\t\t\t<\/div>\n\t\t<\/section>\n\t\t\t\t\t<\/div>\n\t\t<\/div>\n\t\t\t\t\t\t\t<\/div>\n\t\t<\/section>\n\t\t<div class=\"elementor-element elementor-element-b88eb09 e-flex e-con-boxed e-con e-parent\" data-id=\"b88eb09\" data-element_type=\"container\" data-settings=\"{&quot;content_width&quot;:&quot;boxed&quot;}\" data-core-v316-plus=\"true\">\n\t\t\t\t\t<div class=\"e-con-inner\">\n\t\t<div class=\"elementor-element elementor-element-0ef912c e-con-full e-flex e-con e-child\" data-id=\"0ef912c\" data-element_type=\"container\" data-settings=\"{&quot;content_width&quot;:&quot;full&quot;}\">\n\t\t\t\t<\/div>\n\t\t<div class=\"elementor-element elementor-element-a1c7b82 e-con-full e-flex e-con e-child\" data-id=\"a1c7b82\" data-element_type=\"container\" data-settings=\"{&quot;content_width&quot;:&quot;full&quot;}\">\n\t\t\t\t<div class=\"elementor-element elementor-element-7da1fef elementor-widget elementor-widget-heading\" data-id=\"7da1fef\" data-element_type=\"widget\" data-widget_type=\"heading.default\">\n\t\t\t\t<div class=\"elementor-widget-container\">\n\t\t\t<style>\/*! elementor - v3.17.0 - 25-10-2023 *\/\n.elementor-heading-title{padding:0;margin:0;line-height:1}.elementor-widget-heading .elementor-heading-title[class*=elementor-size-]>a{color:inherit;font-size:inherit;line-height:inherit}.elementor-widget-heading .elementor-heading-title.elementor-size-small{font-size:15px}.elementor-widget-heading .elementor-heading-title.elementor-size-medium{font-size:19px}.elementor-widget-heading .elementor-heading-title.elementor-size-large{font-size:29px}.elementor-widget-heading .elementor-heading-title.elementor-size-xl{font-size:39px}.elementor-widget-heading .elementor-heading-title.elementor-size-xxl{font-size:59px}<\/style><h3 class=\"elementor-heading-title elementor-size-default\">Saba, una marca del grupo Essity, ofrece productos de higiene femenina confiables y c\u00f3modos dise\u00f1ados para apoyar las necesidades diarias de las mujeres con protecci\u00f3n, confianza y cuidado.\n<\/h3>\t\t<\/div>\n\t\t\t\t<\/div>\n\t\t\t\t<\/div>\n\t\t<div class=\"elementor-element elementor-element-541827f e-con-full e-flex e-con e-child\" data-id=\"541827f\" data-element_type=\"container\" data-settings=\"{&quot;content_width&quot;:&quot;full&quot;}\">\n\t\t\t\t<\/div>\n\t\t\t\t\t<\/div>\n\t\t\t\t<\/div>\n\t\t\t\t<section class=\"elementor-section elementor-top-section elementor-element elementor-element-49c35c8d elementor-section-boxed elementor-section-height-default elementor-section-height-default tf-sticky-section tf-sticky-no\" data-id=\"49c35c8d\" data-element_type=\"section\" data-settings=\"{&quot;background_background&quot;:&quot;classic&quot;,&quot;tf_sticky&quot;:&quot;no&quot;}\">\n\t\t\t\t\t\t<div class=\"elementor-container elementor-column-gap-default\">\n\t\t\t\t\t<div class=\"elementor-column elementor-col-100 elementor-top-column elementor-element elementor-element-b5f57dd\" data-id=\"b5f57dd\" data-element_type=\"column\">\n\t\t\t<div class=\"elementor-widget-wrap elementor-element-populated\">\n\t\t\t\t\t\t\t\t<section class=\"elementor-section elementor-inner-section elementor-element elementor-element-110b207e elementor-section-boxed elementor-section-height-default elementor-section-height-default tf-sticky-section tf-sticky-no\" data-id=\"110b207e\" data-element_type=\"section\" data-settings=\"{&quot;tf_sticky&quot;:&quot;no&quot;}\">\n\t\t\t\t\t\t<div class=\"elementor-container elementor-column-gap-default\">\n\t\t\t\t\t<div class=\"elementor-column elementor-col-25 elementor-inner-column elementor-element elementor-element-59676118 elementor-invisible\" data-id=\"59676118\" data-element_type=\"column\" data-settings=\"{&quot;animation&quot;:&quot;fadeInUp&quot;}\">\n\t\t\t<div class=\"elementor-widget-wrap elementor-element-populated\">\n\t\t\t\t\t\t\t\t<div class=\"elementor-element elementor-element-e32d01d elementor-widget elementor-widget-image\" data-id=\"e32d01d\" data-element_type=\"widget\" data-widget_type=\"image.default\">\n\t\t\t\t<div class=\"elementor-widget-container\">\n\t\t\t\t\t\t\t\t\t\t\t\t<figure class=\"wp-caption\">\n\t\t\t\t\t\t\t\t\t\t<img decoding=\"async\" width=\"900\" height=\"900\" src=\"https:\/\/kasiminternational.com\/wp-content\/uploads\/2023\/12\/140A2093-1024x1024.jpg\" class=\"attachment-large size-large wp-image-2044\" alt=\"\" srcset=\"https:\/\/kasiminternational.com\/wp-content\/uploads\/2023\/12\/140A2093-1024x1024.jpg 1024w, https:\/\/kasiminternational.com\/wp-content\/uploads\/2023\/12\/140A2093-300x300.jpg 300w, https:\/\/kasiminternational.com\/wp-content\/uploads\/2023\/12\/140A2093-150x150.jpg 150w, https:\/\/kasiminternational.com\/wp-content\/uploads\/2023\/12\/140A2093-768x768.jpg 768w, https:\/\/kasiminternational.com\/wp-content\/uploads\/2023\/12\/140A2093-1536x1536.jpg 1536w, https:\/\/kasiminternational.com\/wp-content\/uploads\/2023\/12\/140A2093-2048x2048.jpg 2048w\" sizes=\"(max-width: 900px) 100vw, 900px\" \/>\t\t\t\t\t\t\t\t\t\t\t<figcaption class=\"widget-image-caption wp-caption-text\">Good Night 20 Extra Long Pads<\/figcaption>\n\t\t\t\t\t\t\t\t\t\t<\/figure>\n\t\t\t\t\t\t\t\t\t<\/div>\n\t\t\t\t<\/div>\n\t\t\t\t\t<\/div>\n\t\t<\/div>\n\t\t\t\t<div class=\"elementor-column elementor-col-25 elementor-inner-column elementor-element elementor-element-2db6e9b elementor-invisible\" data-id=\"2db6e9b\" data-element_type=\"column\" data-settings=\"{&quot;animation&quot;:&quot;fadeInUp&quot;}\">\n\t\t\t<div class=\"elementor-widget-wrap elementor-element-populated\">\n\t\t\t\t\t\t\t\t<div class=\"elementor-element elementor-element-4a2e1ab elementor-widget elementor-widget-image\" data-id=\"4a2e1ab\" data-element_type=\"widget\" data-widget_type=\"image.default\">\n\t\t\t\t<div class=\"elementor-widget-container\">\n\t\t\t\t\t\t\t\t\t\t\t\t<figure class=\"wp-caption\">\n\t\t\t\t\t\t\t\t\t\t<img decoding=\"async\" width=\"900\" height=\"900\" src=\"https:\/\/kasiminternational.com\/wp-content\/uploads\/2023\/12\/140A2090.jpg-1024x1024.png\" class=\"attachment-large size-large wp-image-2045\" alt=\"\" srcset=\"https:\/\/kasiminternational.com\/wp-content\/uploads\/2023\/12\/140A2090.jpg-1024x1024.png 1024w, https:\/\/kasiminternational.com\/wp-content\/uploads\/2023\/12\/140A2090.jpg-300x300.png 300w, https:\/\/kasiminternational.com\/wp-content\/uploads\/2023\/12\/140A2090.jpg-150x150.png 150w, https:\/\/kasiminternational.com\/wp-content\/uploads\/2023\/12\/140A2090.jpg-768x768.png 768w, https:\/\/kasiminternational.com\/wp-content\/uploads\/2023\/12\/140A2090.jpg-1536x1536.png 1536w, https:\/\/kasiminternational.com\/wp-content\/uploads\/2023\/12\/140A2090.jpg.png 2000w\" sizes=\"(max-width: 900px) 100vw, 900px\" \/>\t\t\t\t\t\t\t\t\t\t\t<figcaption class=\"widget-image-caption wp-caption-text\"> Good Night 20 Extra Long Pads<\/figcaption>\n\t\t\t\t\t\t\t\t\t\t<\/figure>\n\t\t\t\t\t\t\t\t\t<\/div>\n\t\t\t\t<\/div>\n\t\t\t\t\t<\/div>\n\t\t<\/div>\n\t\t\t\t<div class=\"elementor-column elementor-col-25 elementor-inner-column elementor-element elementor-element-14844b3 elementor-invisible\" data-id=\"14844b3\" data-element_type=\"column\" data-settings=\"{&quot;animation&quot;:&quot;fadeInUp&quot;}\">\n\t\t\t<div class=\"elementor-widget-wrap elementor-element-populated\">\n\t\t\t\t\t\t\t\t<div class=\"elementor-element elementor-element-c9cdb13 elementor-widget elementor-widget-image\" data-id=\"c9cdb13\" data-element_type=\"widget\" data-widget_type=\"image.default\">\n\t\t\t\t<div class=\"elementor-widget-container\">\n\t\t\t\t\t\t\t\t\t\t\t\t<figure class=\"wp-caption\">\n\t\t\t\t\t\t\t\t\t\t<img loading=\"lazy\" decoding=\"async\" width=\"900\" height=\"900\" src=\"https:\/\/kasiminternational.com\/wp-content\/uploads\/2023\/12\/140A2077-1024x1024.jpg\" class=\"attachment-large size-large wp-image-2042\" alt=\"\" srcset=\"https:\/\/kasiminternational.com\/wp-content\/uploads\/2023\/12\/140A2077-1024x1024.jpg 1024w, https:\/\/kasiminternational.com\/wp-content\/uploads\/2023\/12\/140A2077-300x300.jpg 300w, https:\/\/kasiminternational.com\/wp-content\/uploads\/2023\/12\/140A2077-150x150.jpg 150w, https:\/\/kasiminternational.com\/wp-content\/uploads\/2023\/12\/140A2077-768x768.jpg 768w, https:\/\/kasiminternational.com\/wp-content\/uploads\/2023\/12\/140A2077-1536x1536.jpg 1536w, https:\/\/kasiminternational.com\/wp-content\/uploads\/2023\/12\/140A2077-2048x2048.jpg 2048w\" sizes=\"(max-width: 900px) 100vw, 900px\" \/>\t\t\t\t\t\t\t\t\t\t\t<figcaption class=\"widget-image-caption wp-caption-text\">Ultra Invisible 18 Pads<\/figcaption>\n\t\t\t\t\t\t\t\t\t\t<\/figure>\n\t\t\t\t\t\t\t\t\t<\/div>\n\t\t\t\t<\/div>\n\t\t\t\t\t<\/div>\n\t\t<\/div>\n\t\t\t\t<div class=\"elementor-column elementor-col-25 elementor-inner-column elementor-element elementor-element-847fed8 elementor-invisible\" data-id=\"847fed8\" data-element_type=\"column\" data-settings=\"{&quot;animation&quot;:&quot;fadeInUp&quot;}\">\n\t\t\t<div class=\"elementor-widget-wrap elementor-element-populated\">\n\t\t\t\t\t\t\t\t<div class=\"elementor-element elementor-element-c95a255 elementor-widget elementor-widget-image\" data-id=\"c95a255\" data-element_type=\"widget\" data-widget_type=\"image.default\">\n\t\t\t\t<div class=\"elementor-widget-container\">\n\t\t\t\t\t\t\t\t\t\t\t\t<figure class=\"wp-caption\">\n\t\t\t\t\t\t\t\t\t\t<img loading=\"lazy\" decoding=\"async\" width=\"900\" height=\"900\" src=\"https:\/\/kasiminternational.com\/wp-content\/uploads\/2023\/12\/140A2104-1024x1024.jpg\" class=\"attachment-large size-large wp-image-2041\" alt=\"\" srcset=\"https:\/\/kasiminternational.com\/wp-content\/uploads\/2023\/12\/140A2104-1024x1024.jpg 1024w, https:\/\/kasiminternational.com\/wp-content\/uploads\/2023\/12\/140A2104-300x300.jpg 300w, https:\/\/kasiminternational.com\/wp-content\/uploads\/2023\/12\/140A2104-150x150.jpg 150w, https:\/\/kasiminternational.com\/wp-content\/uploads\/2023\/12\/140A2104-768x768.jpg 768w, https:\/\/kasiminternational.com\/wp-content\/uploads\/2023\/12\/140A2104-1536x1536.jpg 1536w, https:\/\/kasiminternational.com\/wp-content\/uploads\/2023\/12\/140A2104-2048x2048.jpg 2048w\" sizes=\"(max-width: 900px) 100vw, 900px\" \/>\t\t\t\t\t\t\t\t\t\t\t<figcaption class=\"widget-image-caption wp-caption-text\">Ultra Invisible 40 Poilliners<\/figcaption>\n\t\t\t\t\t\t\t\t\t\t<\/figure>\n\t\t\t\t\t\t\t\t\t<\/div>\n\t\t\t\t<\/div>\n\t\t\t\t\t<\/div>\n\t\t<\/div>\n\t\t\t\t\t\t\t<\/div>\n\t\t<\/section>\n\t\t\t\t\t<\/div>\n\t\t<\/div>\n\t\t\t\t\t\t\t<\/div>\n\t\t<\/section>\n\t\t\t\t\t\t\t<\/div>","protected":false},"excerpt":{"rendered":"<p>Saba, an Essity Group brand, offers reliable and convenient feminine hygiene products designed to support women&#8217;s daily needs with protection, confidence, and care. Good Night 20 Extra Long Pads Good Night 20 Extra Long Pads Ultra Invisible 18 Pads Ultra Invisible 40 Poilliners<\/p>","protected":false},"author":1,"featured_media":0,"parent":0,"menu_order":0,"comment_status":"closed","ping_status":"closed","template":"elementor_header_footer","meta":{"footnotes":""},"class_list":["post-2039","page","type-page","status-publish","hentry"],"_links":{"self":[{"href":"https:\/\/kasiminternational.com\/es\/wp-json\/wp\/v2\/pages\/2039","targetHints":{"allow":["GET"]}}],"collection":[{"href":"https:\/\/kasiminternational.com\/es\/wp-json\/wp\/v2\/pages"}],"about":[{"href":"https:\/\/kasiminternational.com\/es\/wp-json\/wp\/v2\/types\/page"}],"author":[{"embeddable":true,"href":"https:\/\/kasiminternational.com\/es\/wp-json\/wp\/v2\/users\/1"}],"replies":[{"embeddable":true,"href":"https:\/\/kasiminternational.com\/es\/wp-json\/wp\/v2\/comments?post=2039"}],"version-history":[{"count":56,"href":"https:\/\/kasiminternational.com\/es\/wp-json\/wp\/v2\/pages\/2039\/revisions"}],"predecessor-version":[{"id":3414,"href":"https:\/\/kasiminternational.com\/es\/wp-json\/wp\/v2\/pages\/2039\/revisions\/3414"}],"wp:attachment":[{"href":"https:\/\/kasiminternational.com\/es\/wp-json\/wp\/v2\/media?parent=2039"}],"curies":[{"name":"wp","href":"https:\/\/api.w.org\/{rel}","templated":true}]}}